{"id":655,"date":"2019-01-28T23:37:44","date_gmt":"2019-01-28T22:37:44","guid":{"rendered":"https:\/\/stefan.schleicher.at\/?page_id=655"},"modified":"2019-01-29T18:16:11","modified_gmt":"2019-01-29T17:16:11","slug":"energy-futures-project","status":"publish","type":"page","link":"https:\/\/stefan.schleicher.at\/index.php\/energy-futures-project\/","title":{"rendered":"Energy Futures Project"},"content":{"rendered":"\t\t<div data-elementor-type=\"wp-post\" data-elementor-id=\"655\" class=\"elementor elementor-655 elementor-bc-flex-widget\" data-elementor-post-type=\"page\">\n\t\t\t\t\t\t<section class=\"elementor-section elementor-top-section elementor-element elementor-element-995b968 elementor-section-boxed elementor-section-height-default elementor-section-height-default\" data-id=\"995b968\" data-element_type=\"section\">\n\t\t\t\t\t\t<div class=\"elementor-container elementor-column-gap-default\">\n\t\t\t\t\t<div class=\"elementor-column elementor-col-66 elementor-top-column elementor-element elementor-element-e14a957\" data-id=\"e14a957\" data-element_type=\"column\">\n\t\t\t<div class=\"elementor-widget-wrap elementor-element-populated\">\n\t\t\t\t\t\t<div class=\"elementor-element elementor-element-bbb8aa3 elementor-widget elementor-widget-heading\" data-id=\"bbb8aa3\" data-element_type=\"widget\" data-widget_type=\"heading.default\">\n\t\t\t\t<div class=\"elementor-widget-container\">\n\t\t\t\t\t<h2 class=\"elementor-heading-title elementor-size-default\">How the EnergyFutures project dares to be different<\/h2>\t\t\t\t<\/div>\n\t\t\t\t<\/div>\n\t\t\t\t<div class=\"elementor-element elementor-element-c46b27a elementor-widget elementor-widget-heading\" data-id=\"c46b27a\" data-element_type=\"widget\" data-widget_type=\"heading.default\">\n\t\t\t\t<div class=\"elementor-widget-container\">\n\t\t\t\t\t<h3 class=\"elementor-heading-title elementor-size-default\">Shifting to the 3i-Mindset:<\/h3>\t\t\t\t<\/div>\n\t\t\t\t<\/div>\n\t\t\t\t<div class=\"elementor-element elementor-element-2b39807 elementor-widget elementor-widget-heading\" data-id=\"2b39807\" data-element_type=\"widget\" data-widget_type=\"heading.default\">\n\t\t\t\t<div class=\"elementor-widget-container\">\n\t\t\t\t\t<h3 class=\"elementor-heading-title elementor-size-default\">INVERSION, INTEGRATION, INNOVATION<\/h3>\t\t\t\t<\/div>\n\t\t\t\t<\/div>\n\t\t\t\t<div class=\"elementor-element elementor-element-920f816 elementor-widget elementor-widget-heading\" data-id=\"920f816\" data-element_type=\"widget\" data-widget_type=\"heading.default\">\n\t\t\t\t<div class=\"elementor-widget-container\">\n\t\t\t\t\t<h3 class=\"elementor-heading-title elementor-size-default\">INVERSION<\/h3>\t\t\t\t<\/div>\n\t\t\t\t<\/div>\n\t\t\t\t<div class=\"elementor-element elementor-element-2197ac1 elementor-widget elementor-widget-text-editor\" data-id=\"2197ac1\" data-element_type=\"widget\" data-widget_type=\"text-editor.default\">\n\t\t\t\t<div class=\"elementor-widget-container\">\n\t\t\t\t\t\t\t\t\t<p>Starting with the required functionalities, we investigate options on the whole energy value chain up to primary energy<\/p>\t\t\t\t\t\t\t\t<\/div>\n\t\t\t\t<\/div>\n\t\t\t\t<div class=\"elementor-element elementor-element-0b84d37 elementor-widget elementor-widget-image\" data-id=\"0b84d37\" data-element_type=\"widget\" data-widget_type=\"image.default\">\n\t\t\t\t<div class=\"elementor-widget-container\">\n\t\t\t\t\t\t\t\t\t\t\t\t\t\t\t<img fetchpriority=\"high\" decoding=\"async\" width=\"791\" height=\"369\" src=\"https:\/\/stefan.schleicher.at\/wp-content\/uploads\/2019\/01\/energy_futures_1.png\" class=\"attachment-full size-full wp-image-682\" alt=\"\" srcset=\"https:\/\/stefan.schleicher.at\/wp-content\/uploads\/2019\/01\/energy_futures_1.png 791w, https:\/\/stefan.schleicher.at\/wp-content\/uploads\/2019\/01\/energy_futures_1-300x140.png 300w, https:\/\/stefan.schleicher.at\/wp-content\/uploads\/2019\/01\/energy_futures_1-768x358.png 768w\" sizes=\"(max-width: 791px) 100vw, 791px\" \/>\t\t\t\t\t\t\t\t\t\t\t\t\t\t\t<\/div>\n\t\t\t\t<\/div>\n\t\t\t\t<div class=\"elementor-element elementor-element-7154deb elementor-widget elementor-widget-text-editor\" data-id=\"7154deb\" data-element_type=\"widget\" data-widget_type=\"text-editor.default\">\n\t\t\t\t<div class=\"elementor-widget-container\">\n\t\t\t\t\t\t\t\t\t<p>What\u2019s new<\/p><ul><li class=\"defanged13-MsoListParagraph\">The full cascade of the energy value chain<\/li><li class=\"defanged13-MsoListParagraph\">The focus on energy related functionalities<\/li><li class=\"defanged13-MsoListParagraph\">The reversal of the analysis by starting with functionalities<\/li><\/ul>\t\t\t\t\t\t\t\t<\/div>\n\t\t\t\t<\/div>\n\t\t\t\t<div class=\"elementor-element elementor-element-1b8294c elementor-widget elementor-widget-heading\" data-id=\"1b8294c\" data-element_type=\"widget\" data-widget_type=\"heading.default\">\n\t\t\t\t<div class=\"elementor-widget-container\">\n\t\t\t\t\t<h3 class=\"elementor-heading-title elementor-size-default\">INTEGRATION<\/h3>\t\t\t\t<\/div>\n\t\t\t\t<\/div>\n\t\t\t\t<div class=\"elementor-element elementor-element-c2593b5 elementor-widget elementor-widget-text-editor\" data-id=\"c2593b5\" data-element_type=\"widget\" data-widget_type=\"text-editor.default\">\n\t\t\t\t<div class=\"elementor-widget-container\">\n\t\t\t\t\t\t\t\t\t<p>Harvesting synergies by linking all components of the energy system serving for application, transformation and storage.<\/p>\t\t\t\t\t\t\t\t<\/div>\n\t\t\t\t<\/div>\n\t\t\t\t<div class=\"elementor-element elementor-element-0e73d7a elementor-widget elementor-widget-image\" data-id=\"0e73d7a\" data-element_type=\"widget\" data-widget_type=\"image.default\">\n\t\t\t\t<div class=\"elementor-widget-container\">\n\t\t\t\t\t\t\t\t\t\t\t\t\t\t\t<img decoding=\"async\" width=\"427\" height=\"363\" src=\"https:\/\/stefan.schleicher.at\/wp-content\/uploads\/2019\/01\/energy_futures_2.png\" class=\"attachment-full size-full wp-image-681\" alt=\"\" srcset=\"https:\/\/stefan.schleicher.at\/wp-content\/uploads\/2019\/01\/energy_futures_2.png 427w, https:\/\/stefan.schleicher.at\/wp-content\/uploads\/2019\/01\/energy_futures_2-300x255.png 300w\" sizes=\"(max-width: 427px) 100vw, 427px\" \/>\t\t\t\t\t\t\t\t\t\t\t\t\t\t\t<\/div>\n\t\t\t\t<\/div>\n\t\t\t\t<div class=\"elementor-element elementor-element-84cbda9 elementor-widget elementor-widget-text-editor\" data-id=\"84cbda9\" data-element_type=\"widget\" data-widget_type=\"text-editor.default\">\n\t\t\t\t<div class=\"elementor-widget-container\">\n\t\t\t\t\t\t\t\t\t<p class=\"defanged13-MsoNormal\">What\u2019s new<\/p><ul><li class=\"defanged13-MsoListParagraph\">The traditional separation between providers and users of energy is becoming blurred<\/li><\/ul>\t\t\t\t\t\t\t\t<\/div>\n\t\t\t\t<\/div>\n\t\t\t\t<div class=\"elementor-element elementor-element-3e89676 elementor-widget elementor-widget-heading\" data-id=\"3e89676\" data-element_type=\"widget\" data-widget_type=\"heading.default\">\n\t\t\t\t<div class=\"elementor-widget-container\">\n\t\t\t\t\t<h3 class=\"elementor-heading-title elementor-size-default\">INNOVATION<\/h3>\t\t\t\t<\/div>\n\t\t\t\t<\/div>\n\t\t\t\t<div class=\"elementor-element elementor-element-e07dc6b elementor-widget elementor-widget-text-editor\" data-id=\"e07dc6b\" data-element_type=\"widget\" data-widget_type=\"text-editor.default\">\n\t\t\t\t<div class=\"elementor-widget-container\">\n\t\t\t\t\t\t\t\t\t<p>All components of the energy system will face disruptive technologies with a high potential for innovative changes.<\/p>\t\t\t\t\t\t\t\t<\/div>\n\t\t\t\t<\/div>\n\t\t\t\t<div class=\"elementor-element elementor-element-9271d89 elementor-widget elementor-widget-image\" data-id=\"9271d89\" data-element_type=\"widget\" data-widget_type=\"image.default\">\n\t\t\t\t<div class=\"elementor-widget-container\">\n\t\t\t\t\t\t\t\t\t\t\t\t\t\t\t<img decoding=\"async\" width=\"443\" height=\"447\" src=\"https:\/\/stefan.schleicher.at\/wp-content\/uploads\/2019\/01\/energy_futures_3.png\" class=\"attachment-full size-full wp-image-680\" alt=\"\" srcset=\"https:\/\/stefan.schleicher.at\/wp-content\/uploads\/2019\/01\/energy_futures_3.png 443w, https:\/\/stefan.schleicher.at\/wp-content\/uploads\/2019\/01\/energy_futures_3-150x150.png 150w, https:\/\/stefan.schleicher.at\/wp-content\/uploads\/2019\/01\/energy_futures_3-297x300.png 297w\" sizes=\"(max-width: 443px) 100vw, 443px\" \/>\t\t\t\t\t\t\t\t\t\t\t\t\t\t\t<\/div>\n\t\t\t\t<\/div>\n\t\t\t\t<div class=\"elementor-element elementor-element-b1222f8 elementor-widget elementor-widget-text-editor\" data-id=\"b1222f8\" data-element_type=\"widget\" data-widget_type=\"text-editor.default\">\n\t\t\t\t<div class=\"elementor-widget-container\">\n\t\t\t\t\t\t\t\t\t<p class=\"defanged13-MsoNormal\">What\u2019s new<\/p><ul><li class=\"defanged13-MsoListParagraph\">Innovative potentials of all elements are analyzed<\/li><li class=\"defanged13-MsoListParagraph\">New (decentralized) structures are identified<\/li><li class=\"defanged13-MsoListParagraph\">This will require new business models<\/li><\/ul>\t\t\t\t\t\t\t\t<\/div>\n\t\t\t\t<\/div>\n\t\t\t\t<div class=\"elementor-element elementor-element-2322c4d elementor-widget elementor-widget-heading\" data-id=\"2322c4d\" data-element_type=\"widget\" data-widget_type=\"heading.default\">\n\t\t\t\t<div class=\"elementor-widget-container\">\n\t\t\t\t\t<h2 class=\"elementor-heading-title elementor-size-default\">How the EnergyFutures Model helps fathoming future energy systems<\/h2>\t\t\t\t<\/div>\n\t\t\t\t<\/div>\n\t\t\t\t<div class=\"elementor-element elementor-element-8c9b5b5 elementor-widget elementor-widget-heading\" data-id=\"8c9b5b5\" data-element_type=\"widget\" data-widget_type=\"heading.default\">\n\t\t\t\t<div class=\"elementor-widget-container\">\n\t\t\t\t\t<h3 class=\"elementor-heading-title elementor-size-default\">Evaluating radical innovations along the energy value chain<\/h3>\t\t\t\t<\/div>\n\t\t\t\t<\/div>\n\t\t\t\t<div class=\"elementor-element elementor-element-f6d77d9 elementor-widget elementor-widget-image\" data-id=\"f6d77d9\" data-element_type=\"widget\" data-widget_type=\"image.default\">\n\t\t\t\t<div class=\"elementor-widget-container\">\n\t\t\t\t\t\t\t\t\t\t\t\t\t\t\t<img loading=\"lazy\" decoding=\"async\" width=\"601\" height=\"432\" src=\"https:\/\/stefan.schleicher.at\/wp-content\/uploads\/2019\/01\/energy_futures_4.png\" class=\"attachment-large size-large wp-image-679\" alt=\"\" srcset=\"https:\/\/stefan.schleicher.at\/wp-content\/uploads\/2019\/01\/energy_futures_4.png 601w, https:\/\/stefan.schleicher.at\/wp-content\/uploads\/2019\/01\/energy_futures_4-300x216.png 300w\" sizes=\"(max-width: 601px) 100vw, 601px\" \/>\t\t\t\t\t\t\t\t\t\t\t\t\t\t\t<\/div>\n\t\t\t\t<\/div>\n\t\t\t\t<div class=\"elementor-element elementor-element-2e082aa elementor-widget elementor-widget-text-editor\" data-id=\"2e082aa\" data-element_type=\"widget\" data-widget_type=\"text-editor.default\">\n\t\t\t\t<div class=\"elementor-widget-container\">\n\t\t\t\t\t\t\t\t\t<p class=\"defanged13-MsoNormal\">What\u2019s new<\/p><ul><li class=\"defanged13-MsoListParagraph\">A prerequisite for reducing 80% of fossils is halving the energy flows without compromising functionalities<\/li><li class=\"defanged13-MsoListParagraph\">This can be achieved by radical innovations along the energy value chain<\/li><\/ul><p>You may want to develop your own vision about future structures of our energy system with the EnergyFutures web tool <span style=\"color: #808080;\"><a style=\"color: #808080;\" href=\"https:\/\/energyfutures.net\" target=\"_blank\" rel=\"noopener\">https:\/\/energyfutures.net<\/a><\/span><\/p><p>\u00a0<\/p>\t\t\t\t\t\t\t\t<\/div>\n\t\t\t\t<\/div>\n\t\t\t\t\t<\/div>\n\t\t<\/div>\n\t\t\t\t<div class=\"elementor-column elementor-col-33 elementor-top-column elementor-element elementor-element-3b0109e\" data-id=\"3b0109e\" data-element_type=\"column\">\n\t\t\t<div class=\"elementor-widget-wrap elementor-element-populated\">\n\t\t\t\t\t\t<div class=\"elementor-element elementor-element-1409550 elementor-widget elementor-widget-heading\" data-id=\"1409550\" data-element_type=\"widget\" data-widget_type=\"heading.default\">\n\t\t\t\t<div class=\"elementor-widget-container\">\n\t\t\t\t\t<h2 class=\"elementor-heading-title elementor-size-default\">EnergyFutures Project<\/h2>\t\t\t\t<\/div>\n\t\t\t\t<\/div>\n\t\t\t\t<div class=\"elementor-element elementor-element-cb707d5 elementor-widget elementor-widget-image\" data-id=\"cb707d5\" data-element_type=\"widget\" data-widget_type=\"image.default\">\n\t\t\t\t<div class=\"elementor-widget-container\">\n\t\t\t\t\t\t\t\t\t\t\t\t\t\t\t<img loading=\"lazy\" decoding=\"async\" width=\"464\" height=\"308\" src=\"https:\/\/stefan.schleicher.at\/wp-content\/uploads\/2019\/01\/energy_futures_title.jpg\" class=\"attachment-full size-full wp-image-678\" alt=\"\" srcset=\"https:\/\/stefan.schleicher.at\/wp-content\/uploads\/2019\/01\/energy_futures_title.jpg 464w, https:\/\/stefan.schleicher.at\/wp-content\/uploads\/2019\/01\/energy_futures_title-300x199.jpg 300w\" sizes=\"(max-width: 464px) 100vw, 464px\" \/>\t\t\t\t\t\t\t\t\t\t\t\t\t\t\t<\/div>\n\t\t\t\t<\/div>\n\t\t\t\t<div class=\"elementor-element elementor-element-ccd35c2 elementor-widget elementor-widget-heading\" data-id=\"ccd35c2\" data-element_type=\"widget\" data-widget_type=\"heading.default\">\n\t\t\t\t<div class=\"elementor-widget-container\">\n\t\t\t\t\t<h3 class=\"elementor-heading-title elementor-size-default\">Project documents<\/h3>\t\t\t\t<\/div>\n\t\t\t\t<\/div>\n\t\t\t\t<div class=\"elementor-element elementor-element-1db6b43 elementor-widget elementor-widget-text-editor\" data-id=\"1db6b43\" data-element_type=\"widget\" data-widget_type=\"text-editor.default\">\n\t\t\t\t<div class=\"elementor-widget-container\">\n\t\t\t\t\t\t\t\t\t<p><span style=\"color: #808080;\"><a style=\"color: #808080;\" href=\"https:\/\/stefan.schleicher.at\/wp-content\/uploads\/2019\/01\/WIFO-EnergieKlimaStrategien_Aussagen_201805.pdf\" target=\"_blank\" rel=\"noopener\"><strong>Welche Zukunft f\u00fcr Energie und Klima? Folgenabsch\u00e4tzungen f\u00fcr Energie- und Klimastrategien &#8211; Die Aussagen.<\/strong><\/a><\/span><br \/>Stefan Schleicher, Angela K\u00f6ppl, Stephan Lienin, Martin Treberspurg, Doris \u00d6sterreicher, Roman Gr\u00fcnner, Reinhold Lang, Manfred M\u00fchlberger, Karl Steininger, Christian Hofer<\/p><p><span style=\"color: #808080;\"><a style=\"color: #808080;\" href=\"https:\/\/stefan.schleicher.at\/wp-content\/uploads\/2019\/01\/WIFO-EnergieKlimaStrategien.zip\" target=\"_blank\" rel=\"noopener\">eBook (EPUB as ZIP)<\/a><\/span><\/p><p><span style=\"color: #808080;\"><a style=\"color: #808080;\" href=\"https:\/\/stefan.schleicher.at\/wp-content\/uploads\/2019\/01\/WIFO-2018_EnergyFutures.pdf\" target=\"_blank\" rel=\"noopener\"><strong>What Future for Energy and Climate in 2050?<\/strong><\/a><\/span><br \/>Impact Assessment for Energy and Climate Strategies<\/p>\t\t\t\t\t\t\t\t<\/div>\n\t\t\t\t<\/div>\n\t\t\t\t<div class=\"elementor-element elementor-element-b673f2c elementor-widget elementor-widget-heading\" data-id=\"b673f2c\" data-element_type=\"widget\" data-widget_type=\"heading.default\">\n\t\t\t\t<div class=\"elementor-widget-container\">\n\t\t\t\t\t<h3 class=\"elementor-heading-title elementor-size-default\">Project Partners<\/h3>\t\t\t\t<\/div>\n\t\t\t\t<\/div>\n\t\t\t\t<div class=\"elementor-element elementor-element-dae544e elementor-widget elementor-widget-image\" data-id=\"dae544e\" data-element_type=\"widget\" data-widget_type=\"image.default\">\n\t\t\t\t<div class=\"elementor-widget-container\">\n\t\t\t\t\t\t\t\t\t\t\t\t\t\t\t<img loading=\"lazy\" decoding=\"async\" width=\"181\" height=\"43\" src=\"https:\/\/stefan.schleicher.at\/wp-content\/uploads\/2019\/01\/energy_futures_wifo.png\" class=\"attachment-large size-large wp-image-677\" alt=\"\" \/>\t\t\t\t\t\t\t\t\t\t\t\t\t\t\t<\/div>\n\t\t\t\t<\/div>\n\t\t\t\t<div class=\"elementor-element elementor-element-e708591 elementor-widget elementor-widget-text-editor\" data-id=\"e708591\" data-element_type=\"widget\" data-widget_type=\"text-editor.default\">\n\t\t\t\t<div class=\"elementor-widget-container\">\n\t\t\t\t\t\t\t\t\t<p><strong>Austrian Institute of Economic Research, Vienna<\/strong><br \/>Angela K\u00f6ppl<br \/>Stefan P. Schleicher<br \/>Mark Sommer<\/p>\t\t\t\t\t\t\t\t<\/div>\n\t\t\t\t<\/div>\n\t\t\t\t<div class=\"elementor-element elementor-element-3eae080 elementor-widget elementor-widget-image\" data-id=\"3eae080\" data-element_type=\"widget\" data-widget_type=\"image.default\">\n\t\t\t\t<div class=\"elementor-widget-container\">\n\t\t\t\t\t\t\t\t\t\t\t\t\t\t\t<img loading=\"lazy\" decoding=\"async\" width=\"276\" height=\"88\" src=\"https:\/\/stefan.schleicher.at\/wp-content\/uploads\/2019\/01\/energy_futures_sustainserv.png\" class=\"attachment-large size-large wp-image-676\" alt=\"\" \/>\t\t\t\t\t\t\t\t\t\t\t\t\t\t\t<\/div>\n\t\t\t\t<\/div>\n\t\t\t\t<div class=\"elementor-element elementor-element-2de5c93 elementor-widget elementor-widget-text-editor\" data-id=\"2de5c93\" data-element_type=\"widget\" data-widget_type=\"text-editor.default\">\n\t\t\t\t<div class=\"elementor-widget-container\">\n\t\t\t\t\t\t\t\t\t<p><strong>Sustainserv, Z\u00fcrich \u2013 Boston<\/strong><br \/>Stephan Lienin<\/p>\t\t\t\t\t\t\t\t<\/div>\n\t\t\t\t<\/div>\n\t\t\t\t<div class=\"elementor-element elementor-element-b76af25 elementor-widget elementor-widget-image\" data-id=\"b76af25\" data-element_type=\"widget\" data-widget_type=\"image.default\">\n\t\t\t\t<div class=\"elementor-widget-container\">\n\t\t\t\t\t\t\t\t\t\t\t\t\t\t\t<img loading=\"lazy\" decoding=\"async\" width=\"114\" height=\"97\" src=\"https:\/\/stefan.schleicher.at\/wp-content\/uploads\/2019\/01\/energy_futures_boku.png\" class=\"attachment-large size-large wp-image-675\" alt=\"\" \/>\t\t\t\t\t\t\t\t\t\t\t\t\t\t\t<\/div>\n\t\t\t\t<\/div>\n\t\t\t\t<div class=\"elementor-element elementor-element-23991df elementor-widget elementor-widget-text-editor\" data-id=\"23991df\" data-element_type=\"widget\" data-widget_type=\"text-editor.default\">\n\t\t\t\t<div class=\"elementor-widget-container\">\n\t\t\t\t\t\t\t\t\t<p><strong>University of Natural Resources and Life Sciences, Vienna<\/strong><br \/>Roman Gr\u00fcner<br \/>Doris \u00d6sterreicher<br \/>Martin Treberspurg<\/p>\t\t\t\t\t\t\t\t<\/div>\n\t\t\t\t<\/div>\n\t\t\t\t<div class=\"elementor-element elementor-element-4ecb615 elementor-widget elementor-widget-image\" data-id=\"4ecb615\" data-element_type=\"widget\" data-widget_type=\"image.default\">\n\t\t\t\t<div class=\"elementor-widget-container\">\n\t\t\t\t\t\t\t\t\t\t\t\t\t\t\t<img loading=\"lazy\" decoding=\"async\" width=\"199\" height=\"71\" src=\"https:\/\/stefan.schleicher.at\/wp-content\/uploads\/2019\/01\/energy_futures_jku.png\" class=\"attachment-large size-large wp-image-674\" alt=\"\" \/>\t\t\t\t\t\t\t\t\t\t\t\t\t\t\t<\/div>\n\t\t\t\t<\/div>\n\t\t\t\t<div class=\"elementor-element elementor-element-0e33d9c elementor-widget elementor-widget-text-editor\" data-id=\"0e33d9c\" data-element_type=\"widget\" data-widget_type=\"text-editor.default\">\n\t\t\t\t<div class=\"elementor-widget-container\">\n\t\t\t\t\t\t\t\t\t<p><strong>Johannes Kepler University, Linz<\/strong><br \/>Reinhold W. Lang<\/p>\t\t\t\t\t\t\t\t<\/div>\n\t\t\t\t<\/div>\n\t\t\t\t<div class=\"elementor-element elementor-element-ffa71ba elementor-widget elementor-widget-image\" data-id=\"ffa71ba\" data-element_type=\"widget\" data-widget_type=\"image.default\">\n\t\t\t\t<div class=\"elementor-widget-container\">\n\t\t\t\t\t\t\t\t\t\t\t\t\t\t\t<img loading=\"lazy\" decoding=\"async\" width=\"212\" height=\"95\" src=\"https:\/\/stefan.schleicher.at\/wp-content\/uploads\/2019\/01\/energy_futures_wegener.png\" class=\"attachment-large size-large wp-image-684\" alt=\"\" \/>\t\t\t\t\t\t\t\t\t\t\t\t\t\t\t<\/div>\n\t\t\t\t<\/div>\n\t\t\t\t<div class=\"elementor-element elementor-element-02b56cc elementor-widget elementor-widget-text-editor\" data-id=\"02b56cc\" data-element_type=\"widget\" data-widget_type=\"text-editor.default\">\n\t\t\t\t<div class=\"elementor-widget-container\">\n\t\t\t\t\t\t\t\t\t<p class=\"defanged13-MsoNormal\"><b>Wegener Center at the University of Graz<br \/><\/b><span lang=\"DE-AT\">Christian Hofer<br \/><\/span><span lang=\"DE-AT\">Stefan Schleicher<br \/><\/span><span lang=\"DE-AT\">Karl Steininger<\/span><\/p>\t\t\t\t\t\t\t\t<\/div>\n\t\t\t\t<\/div>\n\t\t\t\t<div class=\"elementor-element elementor-element-182dfea elementor-widget elementor-widget-image\" data-id=\"182dfea\" data-element_type=\"widget\" data-widget_type=\"image.default\">\n\t\t\t\t<div class=\"elementor-widget-container\">\n\t\t\t\t\t\t\t\t\t\t\t\t\t\t\t<img loading=\"lazy\" decoding=\"async\" width=\"272\" height=\"86\" src=\"https:\/\/stefan.schleicher.at\/wp-content\/uploads\/2019\/01\/energy_futures_eta.png\" class=\"attachment-large size-large wp-image-683\" alt=\"\" \/>\t\t\t\t\t\t\t\t\t\t\t\t\t\t\t<\/div>\n\t\t\t\t<\/div>\n\t\t\t\t<div class=\"elementor-element elementor-element-be66ee2 elementor-widget elementor-widget-text-editor\" data-id=\"be66ee2\" data-element_type=\"widget\" data-widget_type=\"text-editor.default\">\n\t\t\t\t<div class=\"elementor-widget-container\">\n\t\t\t\t\t\t\t\t\t<p class=\"defanged13-MsoNormal\"><b>ETA Environmental Management, Vienna<br \/><\/b>Manfred M\u00fchlberger<\/p>\t\t\t\t\t\t\t\t<\/div>\n\t\t\t\t<\/div>\n\t\t\t\t\t<\/div>\n\t\t<\/div>\n\t\t\t\t\t<\/div>\n\t\t<\/section>\n\t\t\t\t<\/div>\n\t\t","protected":false},"excerpt":{"rendered":"<p>How the EnergyFutures project dares to be different Shifting to the 3i-Mindset: INVERSION, INTEGRATION, INNOVATION INVERSION Starting with the required functionalities, we investigate options on the whole energy value chain up to primary energy What\u2019s new The full cascade of the energy value chain The focus on energy related functionalities The reversal of the analysis [&hellip;]<\/p>\n","protected":false},"author":1,"featured_media":0,"parent":0,"menu_order":0,"comment_status":"closed","ping_status":"closed","template":"","meta":{"footnotes":""},"class_list":["post-655","page","type-page","status-publish","hentry"],"_links":{"self":[{"href":"https:\/\/stefan.schleicher.at\/index.php\/wp-json\/wp\/v2\/pages\/655","targetHints":{"allow":["GET"]}}],"collection":[{"href":"https:\/\/stefan.schleicher.at\/index.php\/wp-json\/wp\/v2\/pages"}],"about":[{"href":"https:\/\/stefan.schleicher.at\/index.php\/wp-json\/wp\/v2\/types\/page"}],"author":[{"embeddable":true,"href":"https:\/\/stefan.schleicher.at\/index.php\/wp-json\/wp\/v2\/users\/1"}],"replies":[{"embeddable":true,"href":"https:\/\/stefan.schleicher.at\/index.php\/wp-json\/wp\/v2\/comments?post=655"}],"version-history":[{"count":6,"href":"https:\/\/stefan.schleicher.at\/index.php\/wp-json\/wp\/v2\/pages\/655\/revisions"}],"predecessor-version":[{"id":698,"href":"https:\/\/stefan.schleicher.at\/index.php\/wp-json\/wp\/v2\/pages\/655\/revisions\/698"}],"wp:attachment":[{"href":"https:\/\/stefan.schleicher.at\/index.php\/wp-json\/wp\/v2\/media?parent=655"}],"curies":[{"name":"wp","href":"https:\/\/api.w.org\/{rel}","templated":true}]}}