{"id":392,"date":"2019-01-19T20:45:27","date_gmt":"2019-01-19T19:45:27","guid":{"rendered":"https:\/\/stefan.schleicher.at\/?page_id=392"},"modified":"2019-01-21T23:39:21","modified_gmt":"2019-01-21T22:39:21","slug":"popular","status":"publish","type":"page","link":"https:\/\/stefan.schleicher.at\/index.php\/popular\/","title":{"rendered":"Popular"},"content":{"rendered":"\t\t<div data-elementor-type=\"wp-post\" data-elementor-id=\"392\" class=\"elementor elementor-392 elementor-bc-flex-widget\" data-elementor-post-type=\"page\">\n\t\t\t\t\t\t<section class=\"elementor-section elementor-top-section elementor-element elementor-element-ffd5c16 elementor-section-boxed elementor-section-height-default elementor-section-height-default\" data-id=\"ffd5c16\" data-element_type=\"section\">\n\t\t\t\t\t\t<div class=\"elementor-container elementor-column-gap-default\">\n\t\t\t\t\t<div class=\"elementor-column elementor-col-100 elementor-top-column elementor-element elementor-element-eef467e\" data-id=\"eef467e\" data-element_type=\"column\">\n\t\t\t<div class=\"elementor-widget-wrap elementor-element-populated\">\n\t\t\t\t\t\t<div class=\"elementor-element elementor-element-c51202b elementor-widget elementor-widget-heading\" data-id=\"c51202b\" data-element_type=\"widget\" data-widget_type=\"heading.default\">\n\t\t\t\t<div class=\"elementor-widget-container\">\n\t\t\t\t\t<h2 class=\"elementor-heading-title elementor-size-default\">Popular Documents<\/h2>\t\t\t\t<\/div>\n\t\t\t\t<\/div>\n\t\t\t\t\t<\/div>\n\t\t<\/div>\n\t\t\t\t\t<\/div>\n\t\t<\/section>\n\t\t\t\t<section class=\"elementor-section elementor-top-section elementor-element elementor-element-e2ff88f elementor-section-boxed elementor-section-height-default elementor-section-height-default\" data-id=\"e2ff88f\" data-element_type=\"section\">\n\t\t\t\t\t\t<div class=\"elementor-container elementor-column-gap-default\">\n\t\t\t\t\t<div class=\"elementor-column elementor-col-66 elementor-top-column elementor-element elementor-element-55fc92e\" data-id=\"55fc92e\" data-element_type=\"column\">\n\t\t\t<div class=\"elementor-widget-wrap elementor-element-populated\">\n\t\t\t\t\t\t<div class=\"elementor-element elementor-element-bd71d7e elementor-widget elementor-widget-heading\" data-id=\"bd71d7e\" data-element_type=\"widget\" data-widget_type=\"heading.default\">\n\t\t\t\t<div class=\"elementor-widget-container\">\n\t\t\t\t\t<h3 class=\"elementor-heading-title elementor-size-default\"><a href=\"https:\/\/stefan.schleicher.at\/wp-content\/uploads\/2019\/01\/WIFO-EnergieKlimaStrategien_Aussagen_201805.pdf\" target=\"_blank\">Welche Zukunft f\u00fcr Energie und Klima?\nFolgenabsch\u00e4tzungen f\u00fcr Energie- und Klimastrategien - Die Aussagen\n<\/a><\/h3>\t\t\t\t<\/div>\n\t\t\t\t<\/div>\n\t\t\t\t<div class=\"elementor-element elementor-element-70f78f7 elementor-widget elementor-widget-text-editor\" data-id=\"70f78f7\" data-element_type=\"widget\" data-widget_type=\"text-editor.default\">\n\t\t\t\t<div class=\"elementor-widget-container\">\n\t\t\t\t\t\t\t\t\t<p>Stefan Schleicher, Angela K\u00f6ppl, Stephan Lienin, Martin Treberspurg, Doris \u00d6sterreicher, Roman Gr\u00fcnner, Reinhold Lang, Manfred M\u00fchlberger, Karl Steininger, Christian Hofer<\/p><p>\u00d6sterreichisches Institut f\u00fcr Wirtschaftsforschung (WIFO), 2018.<\/p><p>Aussagen zu treffen, welche Folgen mit welchen Strategien f\u00fcr Energie und Klima verbunden sind, erfordert ein vertieftes Verst\u00e4ndnis \u00fcber m\u00f6gliche Transformationen des derzeitigen Energiesystems. Anhand innovativer Konzepte werden dabei drei Handlungsfelder identifiziert: Multifunktionale Geb\u00e4ude, Verschr\u00e4nkte Mobilit\u00e4t, sowie Integrierte Netze.<\/p>\t\t\t\t\t\t\t\t<\/div>\n\t\t\t\t<\/div>\n\t\t\t\t<div class=\"elementor-element elementor-element-3269781 elementor-widget elementor-widget-heading\" data-id=\"3269781\" data-element_type=\"widget\" data-widget_type=\"heading.default\">\n\t\t\t\t<div class=\"elementor-widget-container\">\n\t\t\t\t\t<h4 class=\"elementor-heading-title elementor-size-default\"><a href=\"https:\/\/stefan.schleicher.at\/wp-content\/uploads\/2019\/01\/WIFO-EnergieKlimaStrategien.zip\" target=\"_blank\">eBook (EPUB as ZIP)<\/a><\/h4>\t\t\t\t<\/div>\n\t\t\t\t<\/div>\n\t\t\t\t<div class=\"elementor-element elementor-element-8e449ac elementor-widget elementor-widget-spacer\" data-id=\"8e449ac\" data-element_type=\"widget\" data-widget_type=\"spacer.default\">\n\t\t\t\t<div class=\"elementor-widget-container\">\n\t\t\t\t\t\t\t<div class=\"elementor-spacer\">\n\t\t\t<div class=\"elementor-spacer-inner\"><\/div>\n\t\t<\/div>\n\t\t\t\t\t\t<\/div>\n\t\t\t\t<\/div>\n\t\t\t\t<div class=\"elementor-element elementor-element-9c88e31 elementor-widget elementor-widget-heading\" data-id=\"9c88e31\" data-element_type=\"widget\" data-widget_type=\"heading.default\">\n\t\t\t\t<div class=\"elementor-widget-container\">\n\t\t\t\t\t<h3 class=\"elementor-heading-title elementor-size-default\"><a href=\"https:\/\/stefan.schleicher.at\/wp-content\/uploads\/2019\/01\/IIASA-2018-EnergyModelingReality_Schleicher.pdf\" target=\"_blank\">Energy Modeling With A Bit More Reality<\/a><\/h3>\t\t\t\t<\/div>\n\t\t\t\t<\/div>\n\t\t\t\t<div class=\"elementor-element elementor-element-d2f4fa6 elementor-widget elementor-widget-text-editor\" data-id=\"d2f4fa6\" data-element_type=\"widget\" data-widget_type=\"text-editor.default\">\n\t\t\t\t<div class=\"elementor-widget-container\">\n\t\t\t\t\t\t\t\t\t<p><span lang=\"EN-US\">A deepened structural framework<\/span><\/p>\t\t\t\t\t\t\t\t<\/div>\n\t\t\t\t<\/div>\n\t\t\t\t<div class=\"elementor-element elementor-element-ed153ef elementor-widget elementor-widget-spacer\" data-id=\"ed153ef\" data-element_type=\"widget\" data-widget_type=\"spacer.default\">\n\t\t\t\t<div class=\"elementor-widget-container\">\n\t\t\t\t\t\t\t<div class=\"elementor-spacer\">\n\t\t\t<div class=\"elementor-spacer-inner\"><\/div>\n\t\t<\/div>\n\t\t\t\t\t\t<\/div>\n\t\t\t\t<\/div>\n\t\t\t\t<div class=\"elementor-element elementor-element-b70c31f elementor-widget elementor-widget-heading\" data-id=\"b70c31f\" data-element_type=\"widget\" data-widget_type=\"heading.default\">\n\t\t\t\t<div class=\"elementor-widget-container\">\n\t\t\t\t\t<h3 class=\"elementor-heading-title elementor-size-default\"><a href=\"https:\/\/stefan.schleicher.at\/wp-content\/uploads\/2019\/01\/Sustainability-2018-WhatWillMakeEnergySystemsSustainable_KoepplSchleicher.pdf\" target=\"_blank\">What Will Make Energy Systems Sustainable?<\/a><\/h3>\t\t\t\t<\/div>\n\t\t\t\t<\/div>\n\t\t\t\t<div class=\"elementor-element elementor-element-7dc131b elementor-widget elementor-widget-text-editor\" data-id=\"7dc131b\" data-element_type=\"widget\" data-widget_type=\"text-editor.default\">\n\t\t\t\t<div class=\"elementor-widget-container\">\n\t\t\t\t\t\t\t\t\t<p>Angela K\u00f6ppl and Stefan P. Schleicher<\/p><p>Sustainability 2018, 10, 2537; doi:10.3390\/su10072537<\/p>\t\t\t\t\t\t\t\t<\/div>\n\t\t\t\t<\/div>\n\t\t\t\t<div class=\"elementor-element elementor-element-c54b41e elementor-widget elementor-widget-spacer\" data-id=\"c54b41e\" data-element_type=\"widget\" data-widget_type=\"spacer.default\">\n\t\t\t\t<div class=\"elementor-widget-container\">\n\t\t\t\t\t\t\t<div class=\"elementor-spacer\">\n\t\t\t<div class=\"elementor-spacer-inner\"><\/div>\n\t\t<\/div>\n\t\t\t\t\t\t<\/div>\n\t\t\t\t<\/div>\n\t\t\t\t<div class=\"elementor-element elementor-element-9fa23f2 elementor-widget elementor-widget-heading\" data-id=\"9fa23f2\" data-element_type=\"widget\" data-widget_type=\"heading.default\">\n\t\t\t\t<div class=\"elementor-widget-container\">\n\t\t\t\t\t<h3 class=\"elementor-heading-title elementor-size-default\"><a href=\"https:\/\/stefan.schleicher.at\/wp-content\/uploads\/2019\/01\/ERCST-2018-State-of-EU-ETS-Report.pdf\" target=\"_blank\">2018 State of the EU ETS Report<\/a><\/h3>\t\t\t\t<\/div>\n\t\t\t\t<\/div>\n\t\t\t\t<div class=\"elementor-element elementor-element-2715dfb elementor-widget elementor-widget-text-editor\" data-id=\"2715dfb\" data-element_type=\"widget\" data-widget_type=\"text-editor.default\">\n\t\t\t\t<div class=\"elementor-widget-container\">\n\t\t\t\t\t\t\t\t\t<p>Andrei Marcu, Emilie Alberola, Jean-Yves Caneill, Matteo Mazzoni, Stefan Schleicher, Wijnand Stoefs, Charlotte Vailles and Domien Vangenechten<\/p><p>European Roundtable on Climate Change and Sustainable Transition (ERCST) (2018).<\/p><p>The EU Emissions Trading System (EU ETS) is important through its role as the \u201ccornerstone\u201d of EU climate change policy as well as a \u201crole model\u201d, and \u201cpioneer\u201d for carbon markets. The recently concluded reform for Phase 4 (P4) has attempted to tackle a number of outstanding issues, and its new parameters and architecture will strongly influence the EU ETS\u2019 functioning from here on.<\/p>\t\t\t\t\t\t\t\t<\/div>\n\t\t\t\t<\/div>\n\t\t\t\t\t<\/div>\n\t\t<\/div>\n\t\t\t\t<div class=\"elementor-column elementor-col-33 elementor-top-column elementor-element elementor-element-4ef516d\" data-id=\"4ef516d\" data-element_type=\"column\">\n\t\t\t<div class=\"elementor-widget-wrap\">\n\t\t\t\t\t\t\t<\/div>\n\t\t<\/div>\n\t\t\t\t\t<\/div>\n\t\t<\/section>\n\t\t\t\t<\/div>\n\t\t","protected":false},"excerpt":{"rendered":"<p>Popular Documents Welche Zukunft f\u00fcr Energie und Klima? Folgenabsch\u00e4tzungen f\u00fcr Energie- und Klimastrategien &#8211; Die Aussagen Stefan Schleicher, Angela K\u00f6ppl, Stephan Lienin, Martin Treberspurg, Doris \u00d6sterreicher, Roman Gr\u00fcnner, Reinhold Lang, Manfred M\u00fchlberger, Karl Steininger, Christian Hofer \u00d6sterreichisches Institut f\u00fcr Wirtschaftsforschung (WIFO), 2018. Aussagen zu treffen, welche Folgen mit welchen Strategien f\u00fcr Energie und Klima verbunden [&hellip;]<\/p>\n","protected":false},"author":1,"featured_media":0,"parent":0,"menu_order":0,"comment_status":"closed","ping_status":"closed","template":"","meta":{"footnotes":""},"class_list":["post-392","page","type-page","status-publish","hentry"],"_links":{"self":[{"href":"https:\/\/stefan.schleicher.at\/index.php\/wp-json\/wp\/v2\/pages\/392","targetHints":{"allow":["GET"]}}],"collection":[{"href":"https:\/\/stefan.schleicher.at\/index.php\/wp-json\/wp\/v2\/pages"}],"about":[{"href":"https:\/\/stefan.schleicher.at\/index.php\/wp-json\/wp\/v2\/types\/page"}],"author":[{"embeddable":true,"href":"https:\/\/stefan.schleicher.at\/index.php\/wp-json\/wp\/v2\/users\/1"}],"replies":[{"embeddable":true,"href":"https:\/\/stefan.schleicher.at\/index.php\/wp-json\/wp\/v2\/comments?post=392"}],"version-history":[{"count":2,"href":"https:\/\/stefan.schleicher.at\/index.php\/wp-json\/wp\/v2\/pages\/392\/revisions"}],"predecessor-version":[{"id":521,"href":"https:\/\/stefan.schleicher.at\/index.php\/wp-json\/wp\/v2\/pages\/392\/revisions\/521"}],"wp:attachment":[{"href":"https:\/\/stefan.schleicher.at\/index.php\/wp-json\/wp\/v2\/media?parent=392"}],"curies":[{"name":"wp","href":"https:\/\/api.w.org\/{rel}","templated":true}]}}