{"id":390,"date":"2019-01-19T20:45:15","date_gmt":"2019-01-19T19:45:15","guid":{"rendered":"https:\/\/stefan.schleicher.at\/?page_id=390"},"modified":"2019-02-27T18:11:06","modified_gmt":"2019-02-27T17:11:06","slug":"recent","status":"publish","type":"page","link":"https:\/\/stefan.schleicher.at\/index.php\/recent\/","title":{"rendered":"Recent"},"content":{"rendered":"\t\t<div data-elementor-type=\"wp-post\" data-elementor-id=\"390\" class=\"elementor elementor-390 elementor-bc-flex-widget\" data-elementor-post-type=\"page\">\n\t\t\t\t\t\t<section class=\"elementor-section elementor-top-section elementor-element elementor-element-82241a1 elementor-section-boxed elementor-section-height-default elementor-section-height-default\" data-id=\"82241a1\" data-element_type=\"section\">\n\t\t\t\t\t\t<div class=\"elementor-container elementor-column-gap-default\">\n\t\t\t\t\t<div class=\"elementor-column elementor-col-100 elementor-top-column elementor-element elementor-element-a2ff97b\" data-id=\"a2ff97b\" data-element_type=\"column\">\n\t\t\t<div class=\"elementor-widget-wrap elementor-element-populated\">\n\t\t\t\t\t\t<div class=\"elementor-element elementor-element-bf5311d elementor-widget elementor-widget-heading\" data-id=\"bf5311d\" data-element_type=\"widget\" data-widget_type=\"heading.default\">\n\t\t\t\t<div class=\"elementor-widget-container\">\n\t\t\t\t\t<h2 class=\"elementor-heading-title elementor-size-default\">Recent Documents<\/h2>\t\t\t\t<\/div>\n\t\t\t\t<\/div>\n\t\t\t\t<div class=\"elementor-element elementor-element-546547e elementor-widget elementor-widget-heading\" data-id=\"546547e\" data-element_type=\"widget\" data-widget_type=\"heading.default\">\n\t\t\t\t<div class=\"elementor-widget-container\">\n\t\t\t\t\t<h3 class=\"elementor-heading-title elementor-size-default\"><a href=\"https:\/\/stefan.schleicher.at\/wp-content\/uploads\/2019\/02\/WIFO-WegCenter-2019-ImEnergiestemInvestieren-Schleicher-K\u00f6ppl.pdf\" target=\"_blank\">Investments<\/a><\/h3>\t\t\t\t<\/div>\n\t\t\t\t<\/div>\n\t\t\t\t<div class=\"elementor-element elementor-element-d075369 elementor-widget elementor-widget-text-editor\" data-id=\"d075369\" data-element_type=\"widget\" data-widget_type=\"text-editor.default\">\n\t\t\t\t<div class=\"elementor-widget-container\">\n\t\t\t\t\t\t\t\t\t<p>Lorem ipsum dolor sit amet, consectetur adipiscing elit. Ut elit tellus, luctus nec ullamcorper mattis, pulvinar dapibus leo.<\/p>\t\t\t\t\t\t\t\t<\/div>\n\t\t\t\t<\/div>\n\t\t\t\t\t<\/div>\n\t\t<\/div>\n\t\t\t\t\t<\/div>\n\t\t<\/section>\n\t\t\t\t<section class=\"elementor-section elementor-top-section elementor-element elementor-element-698eca3 elementor-section-boxed elementor-section-height-default elementor-section-height-default\" data-id=\"698eca3\" data-element_type=\"section\">\n\t\t\t\t\t\t<div class=\"elementor-container elementor-column-gap-default\">\n\t\t\t\t\t<div class=\"elementor-column elementor-col-66 elementor-top-column elementor-element elementor-element-7269924\" data-id=\"7269924\" data-element_type=\"column\">\n\t\t\t<div class=\"elementor-widget-wrap elementor-element-populated\">\n\t\t\t\t\t\t<div class=\"elementor-element elementor-element-7f9f1e7 elementor-widget elementor-widget-spacer\" data-id=\"7f9f1e7\" data-element_type=\"widget\" data-widget_type=\"spacer.default\">\n\t\t\t\t<div class=\"elementor-widget-container\">\n\t\t\t\t\t\t\t<div class=\"elementor-spacer\">\n\t\t\t<div class=\"elementor-spacer-inner\"><\/div>\n\t\t<\/div>\n\t\t\t\t\t\t<\/div>\n\t\t\t\t<\/div>\n\t\t\t\t<div class=\"elementor-element elementor-element-614f5a1 elementor-widget elementor-widget-heading\" data-id=\"614f5a1\" data-element_type=\"widget\" data-widget_type=\"heading.default\">\n\t\t\t\t<div class=\"elementor-widget-container\">\n\t\t\t\t\t<h3 class=\"elementor-heading-title elementor-size-default\"><a href=\"https:\/\/stefan.schleicher.at\/wp-content\/uploads\/2019\/01\/WIFO-WegCenter-PolicyBrief-2019-Energiebilanz2017.pdf\" target=\"_blank\">Analysen zur \u00f6sterreichischen Energiebilanz 2017<\/a><\/h3>\t\t\t\t<\/div>\n\t\t\t\t<\/div>\n\t\t\t\t<div class=\"elementor-element elementor-element-30d1301 elementor-widget elementor-widget-text-editor\" data-id=\"30d1301\" data-element_type=\"widget\" data-widget_type=\"text-editor.default\">\n\t\t\t\t<div class=\"elementor-widget-container\">\n\t\t\t\t\t\t\t\t\t<p>Stefan Schleicher<\/p><p>Zusammenfassende Indikatoren, Kompensation f\u00fcr Temperatur und Konjunktur<\/p>\t\t\t\t\t\t\t\t<\/div>\n\t\t\t\t<\/div>\n\t\t\t\t<div class=\"elementor-element elementor-element-54673e8 elementor-widget elementor-widget-spacer\" data-id=\"54673e8\" data-element_type=\"widget\" data-widget_type=\"spacer.default\">\n\t\t\t\t<div class=\"elementor-widget-container\">\n\t\t\t\t\t\t\t<div class=\"elementor-spacer\">\n\t\t\t<div class=\"elementor-spacer-inner\"><\/div>\n\t\t<\/div>\n\t\t\t\t\t\t<\/div>\n\t\t\t\t<\/div>\n\t\t\t\t<div class=\"elementor-element elementor-element-35339c9 elementor-widget elementor-widget-heading\" data-id=\"35339c9\" data-element_type=\"widget\" data-widget_type=\"heading.default\">\n\t\t\t\t<div class=\"elementor-widget-container\">\n\t\t\t\t\t<h3 class=\"elementor-heading-title elementor-size-default\"><a href=\"https:\/\/stefan.schleicher.at\/wp-content\/uploads\/2019\/01\/WIFO-2018_EnergyFutures.pdf\" target=\"_blank\">What Future for Energy and Climate in 2050?<\/a><\/h3>\t\t\t\t<\/div>\n\t\t\t\t<\/div>\n\t\t\t\t<div class=\"elementor-element elementor-element-a8518b8 elementor-widget elementor-widget-text-editor\" data-id=\"a8518b8\" data-element_type=\"widget\" data-widget_type=\"text-editor.default\">\n\t\t\t\t<div class=\"elementor-widget-container\">\n\t\t\t\t\t\t\t\t\t<p><span lang=\"EN-US\">Impact Assessment for Energy and Climate Strategies<\/span><\/p>\t\t\t\t\t\t\t\t<\/div>\n\t\t\t\t<\/div>\n\t\t\t\t<div class=\"elementor-element elementor-element-021a5bd elementor-widget elementor-widget-spacer\" data-id=\"021a5bd\" data-element_type=\"widget\" data-widget_type=\"spacer.default\">\n\t\t\t\t<div class=\"elementor-widget-container\">\n\t\t\t\t\t\t\t<div class=\"elementor-spacer\">\n\t\t\t<div class=\"elementor-spacer-inner\"><\/div>\n\t\t<\/div>\n\t\t\t\t\t\t<\/div>\n\t\t\t\t<\/div>\n\t\t\t\t<div class=\"elementor-element elementor-element-98400a5 elementor-widget elementor-widget-heading\" data-id=\"98400a5\" data-element_type=\"widget\" data-widget_type=\"heading.default\">\n\t\t\t\t<div class=\"elementor-widget-container\">\n\t\t\t\t\t<h3 class=\"elementor-heading-title elementor-size-default\"><a href=\"https:\/\/stefan.schleicher.at\/wp-content\/uploads\/2019\/01\/WIFO-EnergieKlimaStrategien_Aussagen_201805.pdf\" target=\"_blank\">Welche Zukunft f\u00fcr Energie und Klima?\nFolgenabsch\u00e4tzungen f\u00fcr Energie- und Klimastrategien - Die Aussagen\n<\/a><\/h3>\t\t\t\t<\/div>\n\t\t\t\t<\/div>\n\t\t\t\t<div class=\"elementor-element elementor-element-c83f149 elementor-widget elementor-widget-text-editor\" data-id=\"c83f149\" data-element_type=\"widget\" data-widget_type=\"text-editor.default\">\n\t\t\t\t<div class=\"elementor-widget-container\">\n\t\t\t\t\t\t\t\t\t<p>Stefan Schleicher, Angela K\u00f6ppl, Stephan Lienin, Martin Treberspurg, Doris \u00d6sterreicher, Roman Gr\u00fcnner, Reinhold Lang, Manfred M\u00fchlberger, Karl Steininger, Christian Hofer<\/p><p>\u00d6sterreichisches Institut f\u00fcr Wirtschaftsforschung (WIFO), 2018.<\/p><p>Aussagen zu treffen, welche Folgen mit welchen Strategien f\u00fcr Energie und Klima verbunden sind, erfordert ein vertieftes Verst\u00e4ndnis \u00fcber m\u00f6gliche Transformationen des derzeitigen Energiesystems. Anhand innovativer Konzepte werden dabei drei Handlungsfelder identifiziert: Multifunktionale Geb\u00e4ude, Verschr\u00e4nkte Mobilit\u00e4t, sowie Integrierte Netze.<\/p>\t\t\t\t\t\t\t\t<\/div>\n\t\t\t\t<\/div>\n\t\t\t\t<div class=\"elementor-element elementor-element-8251198 elementor-widget elementor-widget-heading\" data-id=\"8251198\" data-element_type=\"widget\" data-widget_type=\"heading.default\">\n\t\t\t\t<div class=\"elementor-widget-container\">\n\t\t\t\t\t<h4 class=\"elementor-heading-title elementor-size-default\"><a href=\"https:\/\/stefan.schleicher.at\/wp-content\/uploads\/2019\/01\/WIFO-EnergieKlimaStrategien.zip\" target=\"_blank\">eBook (EPUB as ZIP)<\/a><\/h4>\t\t\t\t<\/div>\n\t\t\t\t<\/div>\n\t\t\t\t<div class=\"elementor-element elementor-element-470704b elementor-widget elementor-widget-spacer\" data-id=\"470704b\" data-element_type=\"widget\" data-widget_type=\"spacer.default\">\n\t\t\t\t<div class=\"elementor-widget-container\">\n\t\t\t\t\t\t\t<div class=\"elementor-spacer\">\n\t\t\t<div class=\"elementor-spacer-inner\"><\/div>\n\t\t<\/div>\n\t\t\t\t\t\t<\/div>\n\t\t\t\t<\/div>\n\t\t\t\t<div class=\"elementor-element elementor-element-24f2bdb elementor-widget elementor-widget-heading\" data-id=\"24f2bdb\" data-element_type=\"widget\" data-widget_type=\"heading.default\">\n\t\t\t\t<div class=\"elementor-widget-container\">\n\t\t\t\t\t<h3 class=\"elementor-heading-title elementor-size-default\"><a href=\"https:\/\/stefan.schleicher.at\/wp-content\/uploads\/2019\/01\/WegCenter-2018_DekarbonisierungCarbonManagement.pdf\" target=\"_blank\">Dekarbonisierung und Carbon Management f\u00fcr \u00d6sterreich. \nDiskussionsbeitr\u00e4ge f\u00fcr Strategien<\/a><\/h3>\t\t\t\t<\/div>\n\t\t\t\t<\/div>\n\t\t\t\t<div class=\"elementor-element elementor-element-f68c40f elementor-widget elementor-widget-text-editor\" data-id=\"f68c40f\" data-element_type=\"widget\" data-widget_type=\"text-editor.default\">\n\t\t\t\t<div class=\"elementor-widget-container\">\n\t\t\t\t\t\t\t\t\t<p>Stefan P. Schleicher und Karl W. Steininger mit Beitr\u00e4gen von Hemma Biesser, Roland Kuras, Reinhold Lang und Manfred M\u00fchlberger<\/p><p>Wegener Center and der Universit\u00e4t Graz (WegCenter), 2018.<\/p><p>Dekarbonisierung und das damit verbundene Carbon Management sind nicht zuletzt durch die politischen Entscheidungen bei der Klimakonferenz 2015 in Paris zu einer neuen Orientierung f\u00fcr alle Bereiche von Wirtschaft und Gesellschaft geworden. Forschung und Innovation sind dabei besonders gefordert. F\u00fcr diese Aufgabenstellung werden drei strategische Schritte vorgeschlagen: die Herausforderung verstehen, diese mit Aufgaben verbinden und schlie\u00dflich an die relevanten Akteure vermitteln.<\/p>\t\t\t\t\t\t\t\t<\/div>\n\t\t\t\t<\/div>\n\t\t\t\t<div class=\"elementor-element elementor-element-51d31e0 elementor-widget elementor-widget-spacer\" data-id=\"51d31e0\" data-element_type=\"widget\" data-widget_type=\"spacer.default\">\n\t\t\t\t<div class=\"elementor-widget-container\">\n\t\t\t\t\t\t\t<div class=\"elementor-spacer\">\n\t\t\t<div class=\"elementor-spacer-inner\"><\/div>\n\t\t<\/div>\n\t\t\t\t\t\t<\/div>\n\t\t\t\t<\/div>\n\t\t\t\t<div class=\"elementor-element elementor-element-7ea5a36 elementor-widget elementor-widget-heading\" data-id=\"7ea5a36\" data-element_type=\"widget\" data-widget_type=\"heading.default\">\n\t\t\t\t<div class=\"elementor-widget-container\">\n\t\t\t\t\t<h3 class=\"elementor-heading-title elementor-size-default\"><a href=\"https:\/\/stefan.schleicher.at\/wp-content\/uploads\/2019\/01\/IIASA-2018-EnergyModelingReality_Schleicher.pdf\" target=\"_blank\">Energy Modeling With A Bit More Reality<\/a><\/h3>\t\t\t\t<\/div>\n\t\t\t\t<\/div>\n\t\t\t\t<div class=\"elementor-element elementor-element-86405b7 elementor-widget elementor-widget-text-editor\" data-id=\"86405b7\" data-element_type=\"widget\" data-widget_type=\"text-editor.default\">\n\t\t\t\t<div class=\"elementor-widget-container\">\n\t\t\t\t\t\t\t\t\t<p><span lang=\"EN-US\">A deepened structural framework<\/span><\/p>\t\t\t\t\t\t\t\t<\/div>\n\t\t\t\t<\/div>\n\t\t\t\t<div class=\"elementor-element elementor-element-17a3c9c elementor-widget elementor-widget-spacer\" data-id=\"17a3c9c\" data-element_type=\"widget\" data-widget_type=\"spacer.default\">\n\t\t\t\t<div class=\"elementor-widget-container\">\n\t\t\t\t\t\t\t<div class=\"elementor-spacer\">\n\t\t\t<div class=\"elementor-spacer-inner\"><\/div>\n\t\t<\/div>\n\t\t\t\t\t\t<\/div>\n\t\t\t\t<\/div>\n\t\t\t\t<div class=\"elementor-element elementor-element-390c053 elementor-widget elementor-widget-heading\" data-id=\"390c053\" data-element_type=\"widget\" data-widget_type=\"heading.default\">\n\t\t\t\t<div class=\"elementor-widget-container\">\n\t\t\t\t\t<h3 class=\"elementor-heading-title elementor-size-default\"><a href=\"https:\/\/stefan.schleicher.at\/wp-content\/uploads\/2019\/01\/UN-DESA-Project-LINK-Paris-Agreement-Schleicher.pdf\" target=\"_blank\">Scrapping or saving the Paris Agreement<\/a><\/h3>\t\t\t\t<\/div>\n\t\t\t\t<\/div>\n\t\t\t\t<div class=\"elementor-element elementor-element-18c2604 elementor-widget elementor-widget-text-editor\" data-id=\"18c2604\" data-element_type=\"widget\" data-widget_type=\"text-editor.default\">\n\t\t\t\t<div class=\"elementor-widget-container\">\n\t\t\t\t\t\t\t\t\t<p><span lang=\"EN-US\">The decisive role of China, the United States, and the European Union<\/span><\/p>\t\t\t\t\t\t\t\t<\/div>\n\t\t\t\t<\/div>\n\t\t\t\t<div class=\"elementor-element elementor-element-a7962b7 elementor-widget elementor-widget-spacer\" data-id=\"a7962b7\" data-element_type=\"widget\" data-widget_type=\"spacer.default\">\n\t\t\t\t<div class=\"elementor-widget-container\">\n\t\t\t\t\t\t\t<div class=\"elementor-spacer\">\n\t\t\t<div class=\"elementor-spacer-inner\"><\/div>\n\t\t<\/div>\n\t\t\t\t\t\t<\/div>\n\t\t\t\t<\/div>\n\t\t\t\t\t<\/div>\n\t\t<\/div>\n\t\t\t\t<div class=\"elementor-column elementor-col-33 elementor-top-column elementor-element elementor-element-b82082b\" data-id=\"b82082b\" data-element_type=\"column\">\n\t\t\t<div class=\"elementor-widget-wrap\">\n\t\t\t\t\t\t\t<\/div>\n\t\t<\/div>\n\t\t\t\t\t<\/div>\n\t\t<\/section>\n\t\t\t\t<\/div>\n\t\t","protected":false},"excerpt":{"rendered":"<p>Recent Documents Investments Click edit button to change this text. Lorem ipsum dolor sit amet, consectetur adipiscing elit. Ut elit tellus, luctus nec ullamcorper mattis, pulvinar dapibus leo. Analysen zur \u00f6sterreichischen Energiebilanz 2017 Stefan Schleicher Zusammenfassende Indikatoren, Kompensation f\u00fcr Temperatur und Konjunktur What Future for Energy and Climate in 2050? Impact Assessment for Energy and [&hellip;]<\/p>\n","protected":false},"author":1,"featured_media":0,"parent":0,"menu_order":0,"comment_status":"closed","ping_status":"closed","template":"","meta":{"footnotes":""},"class_list":["post-390","page","type-page","status-publish","hentry"],"_links":{"self":[{"href":"https:\/\/stefan.schleicher.at\/index.php\/wp-json\/wp\/v2\/pages\/390","targetHints":{"allow":["GET"]}}],"collection":[{"href":"https:\/\/stefan.schleicher.at\/index.php\/wp-json\/wp\/v2\/pages"}],"about":[{"href":"https:\/\/stefan.schleicher.at\/index.php\/wp-json\/wp\/v2\/types\/page"}],"author":[{"embeddable":true,"href":"https:\/\/stefan.schleicher.at\/index.php\/wp-json\/wp\/v2\/users\/1"}],"replies":[{"embeddable":true,"href":"https:\/\/stefan.schleicher.at\/index.php\/wp-json\/wp\/v2\/comments?post=390"}],"version-history":[{"count":7,"href":"https:\/\/stefan.schleicher.at\/index.php\/wp-json\/wp\/v2\/pages\/390\/revisions"}],"predecessor-version":[{"id":854,"href":"https:\/\/stefan.schleicher.at\/index.php\/wp-json\/wp\/v2\/pages\/390\/revisions\/854"}],"wp:attachment":[{"href":"https:\/\/stefan.schleicher.at\/index.php\/wp-json\/wp\/v2\/media?parent=390"}],"curies":[{"name":"wp","href":"https:\/\/api.w.org\/{rel}","templated":true}]}}