{"id":195,"date":"2019-01-12T21:23:36","date_gmt":"2019-01-12T20:23:36","guid":{"rendered":"https:\/\/schleicher.at\/?page_id=195"},"modified":"2019-02-07T17:18:06","modified_gmt":"2019-02-07T16:18:06","slug":"project-reports","status":"publish","type":"page","link":"https:\/\/stefan.schleicher.at\/index.php\/project-reports\/","title":{"rendered":"Project Reports"},"content":{"rendered":"\t\t<div data-elementor-type=\"wp-post\" data-elementor-id=\"195\" class=\"elementor elementor-195 elementor-bc-flex-widget\" data-elementor-post-type=\"page\">\n\t\t\t\t\t\t<section class=\"elementor-section elementor-top-section elementor-element elementor-element-b560992 elementor-section-boxed elementor-section-height-default elementor-section-height-default\" data-id=\"b560992\" data-element_type=\"section\">\n\t\t\t\t\t\t<div class=\"elementor-container elementor-column-gap-default\">\n\t\t\t\t\t<div class=\"elementor-column elementor-col-100 elementor-top-column elementor-element elementor-element-712252a\" data-id=\"712252a\" data-element_type=\"column\">\n\t\t\t<div class=\"elementor-widget-wrap elementor-element-populated\">\n\t\t\t\t\t\t<div class=\"elementor-element elementor-element-e1e6f08 elementor-widget elementor-widget-heading\" data-id=\"e1e6f08\" data-element_type=\"widget\" data-widget_type=\"heading.default\">\n\t\t\t\t<div class=\"elementor-widget-container\">\n\t\t\t\t\t<h2 class=\"elementor-heading-title elementor-size-default\">Project Reports and Papers<\/h2>\t\t\t\t<\/div>\n\t\t\t\t<\/div>\n\t\t\t\t\t<\/div>\n\t\t<\/div>\n\t\t\t\t\t<\/div>\n\t\t<\/section>\n\t\t\t\t<section class=\"elementor-section elementor-top-section elementor-element elementor-element-e1b0553 elementor-section-boxed elementor-section-height-default elementor-section-height-default\" data-id=\"e1b0553\" data-element_type=\"section\">\n\t\t\t\t\t\t<div class=\"elementor-container elementor-column-gap-default\">\n\t\t\t\t\t<div class=\"elementor-column elementor-col-66 elementor-top-column elementor-element elementor-element-27289a4\" data-id=\"27289a4\" data-element_type=\"column\">\n\t\t\t<div class=\"elementor-widget-wrap elementor-element-populated\">\n\t\t\t\t\t\t<div class=\"elementor-element elementor-element-d4c9136 elementor-widget elementor-widget-heading\" data-id=\"d4c9136\" data-element_type=\"widget\" data-widget_type=\"heading.default\">\n\t\t\t\t<div class=\"elementor-widget-container\">\n\t\t\t\t\t<h3 class=\"elementor-heading-title elementor-size-default\"><a href=\"https:\/\/stefan.schleicher.at\/wp-content\/uploads\/2019\/01\/WIFO-EnergieKlimaStrategien_Aussagen_201805.pdf\" target=\"_blank\">Welche Zukunft f\u00fcr Energie und Klima?\nFolgenabsch\u00e4tzungen f\u00fcr Energie- und Klimastrategien - Die Aussagen\n<\/a><\/h3>\t\t\t\t<\/div>\n\t\t\t\t<\/div>\n\t\t\t\t<div class=\"elementor-element elementor-element-555e9b3 elementor-widget elementor-widget-text-editor\" data-id=\"555e9b3\" data-element_type=\"widget\" data-widget_type=\"text-editor.default\">\n\t\t\t\t<div class=\"elementor-widget-container\">\n\t\t\t\t\t\t\t\t\t<p>Stefan Schleicher, Angela K\u00f6ppl, Stephan Lienin, Martin Treberspurg, Doris \u00d6sterreicher, Roman Gr\u00fcnner, Reinhold Lang, Manfred M\u00fchlberger, Karl Steininger, Christian Hofer<\/p><p>\u00d6sterreichisches Institut f\u00fcr Wirtschaftsforschung (WIFO), 2018.<\/p><p>Aussagen zu treffen, welche Folgen mit welchen Strategien f\u00fcr Energie und Klima verbunden sind, erfordert ein vertieftes Verst\u00e4ndnis \u00fcber m\u00f6gliche Transformationen des derzeitigen Energiesystems. Anhand innovativer Konzepte werden dabei drei Handlungsfelder identifiziert: Multifunktionale Geb\u00e4ude, Verschr\u00e4nkte Mobilit\u00e4t, sowie Integrierte Netze.<\/p>\t\t\t\t\t\t\t\t<\/div>\n\t\t\t\t<\/div>\n\t\t\t\t<div class=\"elementor-element elementor-element-3604eef elementor-widget elementor-widget-heading\" data-id=\"3604eef\" data-element_type=\"widget\" data-widget_type=\"heading.default\">\n\t\t\t\t<div class=\"elementor-widget-container\">\n\t\t\t\t\t<h4 class=\"elementor-heading-title elementor-size-default\"><a href=\"https:\/\/stefan.schleicher.at\/wp-content\/uploads\/2019\/01\/WIFO-EnergieKlimaStrategien.zip\" target=\"_blank\">eBook (EPUB as ZIP)<\/a><\/h4>\t\t\t\t<\/div>\n\t\t\t\t<\/div>\n\t\t\t\t<div class=\"elementor-element elementor-element-257cd15 elementor-widget elementor-widget-heading\" data-id=\"257cd15\" data-element_type=\"widget\" data-widget_type=\"heading.default\">\n\t\t\t\t<div class=\"elementor-widget-container\">\n\t\t\t\t\t<h4 class=\"elementor-heading-title elementor-size-default\"><a href=\"https:\/\/stefan.schleicher.at\/wp-content\/uploads\/2019\/02\/WIFO-EnergieKlimaStrategien_Werkzeuge_201804.pdf\" target=\"_blank\">Werkzeuge<\/a><\/h4>\t\t\t\t<\/div>\n\t\t\t\t<\/div>\n\t\t\t\t<div class=\"elementor-element elementor-element-6f5ec26 elementor-widget elementor-widget-spacer\" data-id=\"6f5ec26\" data-element_type=\"widget\" data-widget_type=\"spacer.default\">\n\t\t\t\t<div class=\"elementor-widget-container\">\n\t\t\t\t\t\t\t<div class=\"elementor-spacer\">\n\t\t\t<div class=\"elementor-spacer-inner\"><\/div>\n\t\t<\/div>\n\t\t\t\t\t\t<\/div>\n\t\t\t\t<\/div>\n\t\t\t\t<div class=\"elementor-element elementor-element-fbc6bd3 elementor-widget elementor-widget-heading\" data-id=\"fbc6bd3\" data-element_type=\"widget\" data-widget_type=\"heading.default\">\n\t\t\t\t<div class=\"elementor-widget-container\">\n\t\t\t\t\t<h3 class=\"elementor-heading-title elementor-size-default\"><a href=\"https:\/\/stefan.schleicher.at\/wp-content\/uploads\/2019\/01\/WegCenter-2018_DekarbonisierungCarbonManagement.pdf\" target=\"_blank\">Dekarbonisierung und Carbon Management f\u00fcr \u00d6sterreich. \nDiskussionsbeitr\u00e4ge f\u00fcr Strategien<\/a><\/h3>\t\t\t\t<\/div>\n\t\t\t\t<\/div>\n\t\t\t\t<div class=\"elementor-element elementor-element-1db2d47 elementor-widget elementor-widget-text-editor\" data-id=\"1db2d47\" data-element_type=\"widget\" data-widget_type=\"text-editor.default\">\n\t\t\t\t<div class=\"elementor-widget-container\">\n\t\t\t\t\t\t\t\t\t<p>Stefan P. Schleicher und Karl W. Steininger mit Beitr\u00e4gen von Hemma Bieser, Roland Kuras, Reinhold Lang und Manfred M\u00fchlberger<\/p><p>Wegener Center an der Universit\u00e4t Graz (WegCenter), 2018.<\/p><p>Dekarbonisierung und das damit verbundene Carbon Management sind nicht zuletzt durch die politischen Entscheidungen bei der Klimakonferenz 2015 in Paris zu einer neuen Orientierung f\u00fcr alle Bereiche von Wirtschaft und Gesellschaft geworden. Forschung und Innovation sind dabei besonders gefordert. F\u00fcr diese Aufgabenstellung werden drei strategische Schritte vorgeschlagen: die Herausforderung verstehen, diese mit Aufgaben verbinden und schlie\u00dflich an die relevanten Akteure vermitteln.<\/p>\t\t\t\t\t\t\t\t<\/div>\n\t\t\t\t<\/div>\n\t\t\t\t<div class=\"elementor-element elementor-element-8408f76 elementor-widget elementor-widget-spacer\" data-id=\"8408f76\" data-element_type=\"widget\" data-widget_type=\"spacer.default\">\n\t\t\t\t<div class=\"elementor-widget-container\">\n\t\t\t\t\t\t\t<div class=\"elementor-spacer\">\n\t\t\t<div class=\"elementor-spacer-inner\"><\/div>\n\t\t<\/div>\n\t\t\t\t\t\t<\/div>\n\t\t\t\t<\/div>\n\t\t\t\t<div class=\"elementor-element elementor-element-7abd7b0 elementor-widget elementor-widget-heading\" data-id=\"7abd7b0\" data-element_type=\"widget\" data-widget_type=\"heading.default\">\n\t\t\t\t<div class=\"elementor-widget-container\">\n\t\t\t\t\t<h3 class=\"elementor-heading-title elementor-size-default\"><a href=\"https:\/\/stefan.schleicher.at\/wp-content\/uploads\/2019\/01\/ERCST-2018-State-of-EU-ETS-Report.pdf\" target=\"_blank\">2018 State of the EU ETS Report<\/a><\/h3>\t\t\t\t<\/div>\n\t\t\t\t<\/div>\n\t\t\t\t<div class=\"elementor-element elementor-element-af8125e elementor-widget elementor-widget-text-editor\" data-id=\"af8125e\" data-element_type=\"widget\" data-widget_type=\"text-editor.default\">\n\t\t\t\t<div class=\"elementor-widget-container\">\n\t\t\t\t\t\t\t\t\t<p>Andrei Marcu, Emilie Alberola, Jean-Yves Caneill, Matteo Mazzoni, Stefan Schleicher, Wijnand Stoefs, Charlotte Vailles and Domien Vangenechten<\/p><p>European Roundtable on Climate Change and Sustainable Transition (ERCST) (2018).<\/p><p>The EU Emissions Trading System (EU ETS) is important through its role as the \u201ccornerstone\u201d of EU climate change policy as well as a \u201crole model\u201d, and \u201cpioneer\u201d for carbon markets. The recently concluded reform for Phase 4 (P4) has attempted to tackle a number of outstanding issues, and its new parameters and architecture will strongly influence the EU ETS\u2019 functioning from here on.<\/p>\t\t\t\t\t\t\t\t<\/div>\n\t\t\t\t<\/div>\n\t\t\t\t<div class=\"elementor-element elementor-element-fc212fc elementor-widget elementor-widget-spacer\" data-id=\"fc212fc\" data-element_type=\"widget\" data-widget_type=\"spacer.default\">\n\t\t\t\t<div class=\"elementor-widget-container\">\n\t\t\t\t\t\t\t<div class=\"elementor-spacer\">\n\t\t\t<div class=\"elementor-spacer-inner\"><\/div>\n\t\t<\/div>\n\t\t\t\t\t\t<\/div>\n\t\t\t\t<\/div>\n\t\t\t\t<div class=\"elementor-element elementor-element-5663687 elementor-widget elementor-widget-heading\" data-id=\"5663687\" data-element_type=\"widget\" data-widget_type=\"heading.default\">\n\t\t\t\t<div class=\"elementor-widget-container\">\n\t\t\t\t\t<h3 class=\"elementor-heading-title elementor-size-default\"><a href=\"https:\/\/stefan.schleicher.at\/wp-content\/uploads\/2019\/01\/WegCenter-2017-RadikaleReduktionTreibhausgasemissionen.pdf\" target=\"_blank\">Wirtschaft st\u00e4rken und Klimaziele erreichen - Wege zu einem nahezu treibhausgasemissionsfreien \u00d6sterreich<\/a><\/h3>\t\t\t\t<\/div>\n\t\t\t\t<\/div>\n\t\t\t\t<div class=\"elementor-element elementor-element-486a70d elementor-widget elementor-widget-text-editor\" data-id=\"486a70d\" data-element_type=\"widget\" data-widget_type=\"text-editor.default\">\n\t\t\t\t<div class=\"elementor-widget-container\">\n\t\t\t\t\t\t\t\t\t<p>Stefan P. Schleicher und Karl W. Steininger<\/p><p>Wegener Center an der Universit\u00e4t Graz (WegCenter), 2017<\/p><p>Unter welchen Bedingungen k\u00f6nnte es \u00d6sterreich schaffen, bis 2050 mit einem Emissionsbudget f\u00fcr Treibhausgase auszukommen, das mit der Einhaltung des Pariser Klimaabkommens vereinbar und nach dem Kriterium globaler Fairness f\u00fcr \u00d6sterreich verf\u00fcgbar ist? Mit tiefgreifenden strukturellen Ver\u00e4nderungen im Umgang mit Energie k\u00f6nnten bis 2050 die Treibhausgasemissionen aus energetischer Nutzung gegen\u00fcber 2005 um 90 Prozent reduziert werden (die Treibhausgasemissionen insgesamt um 70 Prozent) und das Emissionsbudget w\u00fcrde bis 2042 reichen. Erst dar\u00fcberhinausgehende zus\u00e4tzliche Verminderungen bei den Emissionen aus Prozessen und der Landwirtschaft sowie beim Abfall w\u00fcrden es erlauben mit dem Emissionsbudget bis 2050 auszukommen.<\/p>\t\t\t\t\t\t\t\t<\/div>\n\t\t\t\t<\/div>\n\t\t\t\t<div class=\"elementor-element elementor-element-dcc1768 elementor-widget elementor-widget-spacer\" data-id=\"dcc1768\" data-element_type=\"widget\" data-widget_type=\"spacer.default\">\n\t\t\t\t<div class=\"elementor-widget-container\">\n\t\t\t\t\t\t\t<div class=\"elementor-spacer\">\n\t\t\t<div class=\"elementor-spacer-inner\"><\/div>\n\t\t<\/div>\n\t\t\t\t\t\t<\/div>\n\t\t\t\t<\/div>\n\t\t\t\t<div class=\"elementor-element elementor-element-f030fdb elementor-widget elementor-widget-heading\" data-id=\"f030fdb\" data-element_type=\"widget\" data-widget_type=\"heading.default\">\n\t\t\t\t<div class=\"elementor-widget-container\">\n\t\t\t\t\t<h3 class=\"elementor-heading-title elementor-size-default\"><a href=\"https:\/\/stefan.schleicher.at\/wp-content\/uploads\/2019\/01\/ClimTrans-EnergyModelingForReality.pdf\" target=\"_blank\">Energy modeling that matters for reality - A handbook for deepened structural modeling approaches<\/a><\/h3>\t\t\t\t<\/div>\n\t\t\t\t<\/div>\n\t\t\t\t<div class=\"elementor-element elementor-element-b454752 elementor-widget elementor-widget-text-editor\" data-id=\"b454752\" data-element_type=\"widget\" data-widget_type=\"text-editor.default\">\n\t\t\t\t<div class=\"elementor-widget-container\">\n\t\t\t\t\t\t\t\t\t<p>Stefan P. Schleicher, Christian Hofer, Thomas Schinko, Karl W. Steininger, Matthias Jonas, Piotr Zabrowski<\/p><p>ClimTrans2050 Working Paper No. 2<\/p><p>This document is intended to encourage discovering the emerging new mindset for a better understanding of energy systems, discarding the wrong questions concerning low-energy and low-carbon strategies, refusing to answer these questions, insisting that research results are not negotiable, realizing the limits of mainstream economics for handling transformative energy system issues, and considering that saying no is often the best answer that can be given.<\/p>\t\t\t\t\t\t\t\t<\/div>\n\t\t\t\t<\/div>\n\t\t\t\t<div class=\"elementor-element elementor-element-c10387d elementor-widget elementor-widget-spacer\" data-id=\"c10387d\" data-element_type=\"widget\" data-widget_type=\"spacer.default\">\n\t\t\t\t<div class=\"elementor-widget-container\">\n\t\t\t\t\t\t\t<div class=\"elementor-spacer\">\n\t\t\t<div class=\"elementor-spacer-inner\"><\/div>\n\t\t<\/div>\n\t\t\t\t\t\t<\/div>\n\t\t\t\t<\/div>\n\t\t\t\t<div class=\"elementor-element elementor-element-7f18ec3 elementor-widget elementor-widget-heading\" data-id=\"7f18ec3\" data-element_type=\"widget\" data-widget_type=\"heading.default\">\n\t\t\t\t<div class=\"elementor-widget-container\">\n\t\t\t\t\t<h3 class=\"elementor-heading-title elementor-size-default\"><a href=\"https:\/\/stefan.schleicher.at\/wp-content\/uploads\/2019\/01\/ClimTrans_ResearchPlan.pdf\" target=\"_blank\">Modelling Low Energy and Low Carbon Transformations - The ClimTrans2050 Research Plan <\/a><\/h3>\t\t\t\t<\/div>\n\t\t\t\t<\/div>\n\t\t\t\t<div class=\"elementor-element elementor-element-8bdf365 elementor-widget elementor-widget-text-editor\" data-id=\"8bdf365\" data-element_type=\"widget\" data-widget_type=\"text-editor.default\">\n\t\t\t\t<div class=\"elementor-widget-container\">\n\t\t\t\t\t\t\t\t\t<p>Angela K\u00f6ppl, Claudia Kettner-Marx, Stefan P. Schleicher, Christian Hofer, Katharina K\u00f6berl, J\u00fcrgen Schneider, Ilse Schindler, Thomas Krutzler, Thomas Gallauner, Gabriel Bachner, Thomas Schinko, Karl W. Steininger, Matthias Jonas, Piotr Zebrowski<\/p><p>The ClimTrans2050 Research Plan provides a framework and research guidelines for the development of a fully operational open source model for investigating low-energy and low-carbon transformations of our energy system. Key elements of this next generation modeling approaches are the focus on wellbeing-related functionalities, ranging from shelter through to access to persons and goods, the role of stocks and flows for providing these functionalities, and a deepened understanding of the structures that link the physical, economic and institutional layers of an economy.<\/p>\t\t\t\t\t\t\t\t<\/div>\n\t\t\t\t<\/div>\n\t\t\t\t\t<\/div>\n\t\t<\/div>\n\t\t\t\t<div class=\"elementor-column elementor-col-33 elementor-top-column elementor-element elementor-element-db645e5\" data-id=\"db645e5\" data-element_type=\"column\">\n\t\t\t<div class=\"elementor-widget-wrap\">\n\t\t\t\t\t\t\t<\/div>\n\t\t<\/div>\n\t\t\t\t\t<\/div>\n\t\t<\/section>\n\t\t\t\t<\/div>\n\t\t","protected":false},"excerpt":{"rendered":"<p>Project Reports and Papers Welche Zukunft f\u00fcr Energie und Klima? Folgenabsch\u00e4tzungen f\u00fcr Energie- und Klimastrategien &#8211; Die Aussagen Stefan Schleicher, Angela K\u00f6ppl, Stephan Lienin, Martin Treberspurg, Doris \u00d6sterreicher, Roman Gr\u00fcnner, Reinhold Lang, Manfred M\u00fchlberger, Karl Steininger, Christian Hofer \u00d6sterreichisches Institut f\u00fcr Wirtschaftsforschung (WIFO), 2018. Aussagen zu treffen, welche Folgen mit welchen Strategien f\u00fcr Energie und [&hellip;]<\/p>\n","protected":false},"author":1,"featured_media":0,"parent":0,"menu_order":0,"comment_status":"closed","ping_status":"closed","template":"","meta":{"footnotes":""},"class_list":["post-195","page","type-page","status-publish","hentry"],"_links":{"self":[{"href":"https:\/\/stefan.schleicher.at\/index.php\/wp-json\/wp\/v2\/pages\/195","targetHints":{"allow":["GET"]}}],"collection":[{"href":"https:\/\/stefan.schleicher.at\/index.php\/wp-json\/wp\/v2\/pages"}],"about":[{"href":"https:\/\/stefan.schleicher.at\/index.php\/wp-json\/wp\/v2\/types\/page"}],"author":[{"embeddable":true,"href":"https:\/\/stefan.schleicher.at\/index.php\/wp-json\/wp\/v2\/users\/1"}],"replies":[{"embeddable":true,"href":"https:\/\/stefan.schleicher.at\/index.php\/wp-json\/wp\/v2\/comments?post=195"}],"version-history":[{"count":12,"href":"https:\/\/stefan.schleicher.at\/index.php\/wp-json\/wp\/v2\/pages\/195\/revisions"}],"predecessor-version":[{"id":772,"href":"https:\/\/stefan.schleicher.at\/index.php\/wp-json\/wp\/v2\/pages\/195\/revisions\/772"}],"wp:attachment":[{"href":"https:\/\/stefan.schleicher.at\/index.php\/wp-json\/wp\/v2\/media?parent=195"}],"curies":[{"name":"wp","href":"https:\/\/api.w.org\/{rel}","templated":true}]}}