{"id":193,"date":"2019-01-12T21:23:25","date_gmt":"2019-01-12T20:23:25","guid":{"rendered":"https:\/\/schleicher.at\/?page_id=193"},"modified":"2019-01-21T23:34:24","modified_gmt":"2019-01-21T22:34:24","slug":"policy-briefs","status":"publish","type":"page","link":"https:\/\/stefan.schleicher.at\/index.php\/policy-briefs\/","title":{"rendered":"Policy Briefs"},"content":{"rendered":"\t\t<div data-elementor-type=\"wp-post\" data-elementor-id=\"193\" class=\"elementor elementor-193 elementor-bc-flex-widget\" data-elementor-post-type=\"page\">\n\t\t\t\t\t\t<section class=\"elementor-section elementor-top-section elementor-element elementor-element-46a6249 elementor-section-boxed elementor-section-height-default elementor-section-height-default\" data-id=\"46a6249\" data-element_type=\"section\">\n\t\t\t\t\t\t<div class=\"elementor-container elementor-column-gap-default\">\n\t\t\t\t\t<div class=\"elementor-column elementor-col-100 elementor-top-column elementor-element elementor-element-049c192\" data-id=\"049c192\" data-element_type=\"column\">\n\t\t\t<div class=\"elementor-widget-wrap elementor-element-populated\">\n\t\t\t\t\t\t<div class=\"elementor-element elementor-element-85e6bbe elementor-widget elementor-widget-heading\" data-id=\"85e6bbe\" data-element_type=\"widget\" data-widget_type=\"heading.default\">\n\t\t\t\t<div class=\"elementor-widget-container\">\n\t\t\t\t\t<h2 class=\"elementor-heading-title elementor-size-default\">Policy Briefs<\/h2>\t\t\t\t<\/div>\n\t\t\t\t<\/div>\n\t\t\t\t\t<\/div>\n\t\t<\/div>\n\t\t\t\t\t<\/div>\n\t\t<\/section>\n\t\t\t\t<section class=\"elementor-section elementor-top-section elementor-element elementor-element-d70bb42 elementor-section-boxed elementor-section-height-default elementor-section-height-default\" data-id=\"d70bb42\" data-element_type=\"section\">\n\t\t\t\t\t\t<div class=\"elementor-container elementor-column-gap-default\">\n\t\t\t\t\t<div class=\"elementor-column elementor-col-66 elementor-top-column elementor-element elementor-element-37d4253\" data-id=\"37d4253\" data-element_type=\"column\">\n\t\t\t<div class=\"elementor-widget-wrap elementor-element-populated\">\n\t\t\t\t\t\t<div class=\"elementor-element elementor-element-602d2e4 elementor-widget elementor-widget-heading\" data-id=\"602d2e4\" data-element_type=\"widget\" data-widget_type=\"heading.default\">\n\t\t\t\t<div class=\"elementor-widget-container\">\n\t\t\t\t\t<h3 class=\"elementor-heading-title elementor-size-default\"><a href=\"https:\/\/stefan.schleicher.at\/wp-content\/uploads\/2019\/01\/WIFO-WegCenter-PolicyBrief-2019-Energiebilanz2017.pdf\" target=\"_blank\">Analysen zur \u00f6sterreichischen Energiebilanz 2017<\/a><\/h3>\t\t\t\t<\/div>\n\t\t\t\t<\/div>\n\t\t\t\t<div class=\"elementor-element elementor-element-575f6b2 elementor-widget elementor-widget-text-editor\" data-id=\"575f6b2\" data-element_type=\"widget\" data-widget_type=\"text-editor.default\">\n\t\t\t\t<div class=\"elementor-widget-container\">\n\t\t\t\t\t\t\t\t\t<p>Stefan Schleicher<\/p><p>Zusammenfassende Indikatoren, Kompensation f\u00fcr Temperatur und Konjunktur<\/p>\t\t\t\t\t\t\t\t<\/div>\n\t\t\t\t<\/div>\n\t\t\t\t<div class=\"elementor-element elementor-element-b9fe441 elementor-widget elementor-widget-spacer\" data-id=\"b9fe441\" data-element_type=\"widget\" data-widget_type=\"spacer.default\">\n\t\t\t\t<div class=\"elementor-widget-container\">\n\t\t\t\t\t\t\t<div class=\"elementor-spacer\">\n\t\t\t<div class=\"elementor-spacer-inner\"><\/div>\n\t\t<\/div>\n\t\t\t\t\t\t<\/div>\n\t\t\t\t<\/div>\n\t\t\t\t<div class=\"elementor-element elementor-element-381dc8b elementor-widget elementor-widget-heading\" data-id=\"381dc8b\" data-element_type=\"widget\" data-widget_type=\"heading.default\">\n\t\t\t\t<div class=\"elementor-widget-container\">\n\t\t\t\t\t<h3 class=\"elementor-heading-title elementor-size-default\"><a href=\"https:\/\/stefan.schleicher.at\/wp-content\/uploads\/2019\/01\/WegCenter-2018-KSG-Monitoring-Nowcasting.pdf\" target=\"_blank\">Monitoring der \u00f6sterreichischen Treibhausgas-Emissionen<\/a><\/h3>\t\t\t\t<\/div>\n\t\t\t\t<\/div>\n\t\t\t\t<div class=\"elementor-element elementor-element-3211b55 elementor-widget elementor-widget-text-editor\" data-id=\"3211b55\" data-element_type=\"widget\" data-widget_type=\"text-editor.default\">\n\t\t\t\t<div class=\"elementor-widget-container\">\n\t\t\t\t\t\t\t\t\t<p>Stefan Schleicher und Gottfried Kirchengast<\/p><p>Nowcasting der THG-Emissionen f\u00fcr 2018<\/p>\t\t\t\t\t\t\t\t<\/div>\n\t\t\t\t<\/div>\n\t\t\t\t<div class=\"elementor-element elementor-element-9005f73 elementor-widget elementor-widget-spacer\" data-id=\"9005f73\" data-element_type=\"widget\" data-widget_type=\"spacer.default\">\n\t\t\t\t<div class=\"elementor-widget-container\">\n\t\t\t\t\t\t\t<div class=\"elementor-spacer\">\n\t\t\t<div class=\"elementor-spacer-inner\"><\/div>\n\t\t<\/div>\n\t\t\t\t\t\t<\/div>\n\t\t\t\t<\/div>\n\t\t\t\t<div class=\"elementor-element elementor-element-e0fe7f1 elementor-widget elementor-widget-heading\" data-id=\"e0fe7f1\" data-element_type=\"widget\" data-widget_type=\"heading.default\">\n\t\t\t\t<div class=\"elementor-widget-container\">\n\t\t\t\t\t<h3 class=\"elementor-heading-title elementor-size-default\"><a href=\"https:\/\/stefan.schleicher.at\/wp-content\/uploads\/2019\/01\/WIFO-WegCenter-PolicyBrief-2017-EnergieVer\u00e4ndern.pdf\" target=\"_blank\">Energie radikal ver\u00e4ndern - Die Niedrig-Strukturen f\u00fcr Energie, Emissionen und Netze<\/a><\/h3>\t\t\t\t<\/div>\n\t\t\t\t<\/div>\n\t\t\t\t<div class=\"elementor-element elementor-element-a19e23c elementor-widget elementor-widget-text-editor\" data-id=\"a19e23c\" data-element_type=\"widget\" data-widget_type=\"text-editor.default\">\n\t\t\t\t<div class=\"elementor-widget-container\">\n\t\t\t\t\t\t\t\t\t<p>Angela K\u00f6ppl, Stefan Schleicher, Karl Steininger<\/p><p>Innovative Perspektiven f\u00fcr Energie- und Klimastrategien &#8211; Teil 2<\/p>\t\t\t\t\t\t\t\t<\/div>\n\t\t\t\t<\/div>\n\t\t\t\t<div class=\"elementor-element elementor-element-4b57e6f elementor-widget elementor-widget-spacer\" data-id=\"4b57e6f\" data-element_type=\"widget\" data-widget_type=\"spacer.default\">\n\t\t\t\t<div class=\"elementor-widget-container\">\n\t\t\t\t\t\t\t<div class=\"elementor-spacer\">\n\t\t\t<div class=\"elementor-spacer-inner\"><\/div>\n\t\t<\/div>\n\t\t\t\t\t\t<\/div>\n\t\t\t\t<\/div>\n\t\t\t\t<div class=\"elementor-element elementor-element-97a8750 elementor-widget elementor-widget-heading\" data-id=\"97a8750\" data-element_type=\"widget\" data-widget_type=\"heading.default\">\n\t\t\t\t<div class=\"elementor-widget-container\">\n\t\t\t\t\t<h3 class=\"elementor-heading-title elementor-size-default\"><a href=\"https:\/\/stefan.schleicher.at\/wp-content\/uploads\/2019\/01\/WIFO-WegCenter-PolicyBrief-2016-EnergieVerstehen.pdf\" target=\"_blank\">Energie umfassend verstehen - Die energetische Wertsch\u00f6pfungskette: Von den Funktionalit\u00e4ten zur Prim\u00e4r-Energie<\/a><\/h3>\t\t\t\t<\/div>\n\t\t\t\t<\/div>\n\t\t\t\t<div class=\"elementor-element elementor-element-7291f45 elementor-widget elementor-widget-text-editor\" data-id=\"7291f45\" data-element_type=\"widget\" data-widget_type=\"text-editor.default\">\n\t\t\t\t<div class=\"elementor-widget-container\">\n\t\t\t\t\t\t\t\t\t<p>Angela K\u00f6ppl, Stefan Schleicher, Karl Steininger<\/p><p>Innovative Perspektiven f\u00fcr Energie- und Klimastrategien &#8211; Teil 1<\/p>\t\t\t\t\t\t\t\t<\/div>\n\t\t\t\t<\/div>\n\t\t\t\t<div class=\"elementor-element elementor-element-0e569fd elementor-widget elementor-widget-spacer\" data-id=\"0e569fd\" data-element_type=\"widget\" data-widget_type=\"spacer.default\">\n\t\t\t\t<div class=\"elementor-widget-container\">\n\t\t\t\t\t\t\t<div class=\"elementor-spacer\">\n\t\t\t<div class=\"elementor-spacer-inner\"><\/div>\n\t\t<\/div>\n\t\t\t\t\t\t<\/div>\n\t\t\t\t<\/div>\n\t\t\t\t<div class=\"elementor-element elementor-element-39e8e59 elementor-widget elementor-widget-heading\" data-id=\"39e8e59\" data-element_type=\"widget\" data-widget_type=\"heading.default\">\n\t\t\t\t<div class=\"elementor-widget-container\">\n\t\t\t\t\t<h3 class=\"elementor-heading-title elementor-size-default\"><a href=\"https:\/\/stefan.schleicher.at\/wp-content\/uploads\/2019\/01\/OEGfE_PolicyBrief-2016_ParisAgreement.pdf\" target=\"_blank\">Deciphering the Paris Agreement on Climate Policy: -  What might be the implications for the EU?<\/a><\/h3>\t\t\t\t<\/div>\n\t\t\t\t<\/div>\n\t\t\t\t<div class=\"elementor-element elementor-element-d2abe0b elementor-widget elementor-widget-text-editor\" data-id=\"d2abe0b\" data-element_type=\"widget\" data-widget_type=\"text-editor.default\">\n\t\t\t\t<div class=\"elementor-widget-container\">\n\t\t\t\t\t\t\t\t\t<p>Stefan Schleicher, Angela K\u00f6ppl and Margit Schratzenstaller<\/p><p>The most relevant outcome of the Paris Climate Conference might be that there is an agreement at all<\/p>\t\t\t\t\t\t\t\t<\/div>\n\t\t\t\t<\/div>\n\t\t\t\t\t<\/div>\n\t\t<\/div>\n\t\t\t\t<div class=\"elementor-column elementor-col-33 elementor-top-column elementor-element elementor-element-ad3d8c2\" data-id=\"ad3d8c2\" data-element_type=\"column\">\n\t\t\t<div class=\"elementor-widget-wrap\">\n\t\t\t\t\t\t\t<\/div>\n\t\t<\/div>\n\t\t\t\t\t<\/div>\n\t\t<\/section>\n\t\t\t\t<\/div>\n\t\t","protected":false},"excerpt":{"rendered":"<p>Policy Briefs Analysen zur \u00f6sterreichischen Energiebilanz 2017 Stefan Schleicher Zusammenfassende Indikatoren, Kompensation f\u00fcr Temperatur und Konjunktur Monitoring der \u00f6sterreichischen Treibhausgas-Emissionen Stefan Schleicher und Gottfried Kirchengast Nowcasting der THG-Emissionen f\u00fcr 2018 Energie radikal ver\u00e4ndern &#8211; Die Niedrig-Strukturen f\u00fcr Energie, Emissionen und Netze Angela K\u00f6ppl, Stefan Schleicher, Karl Steininger Innovative Perspektiven f\u00fcr Energie- und Klimastrategien &#8211; Teil [&hellip;]<\/p>\n","protected":false},"author":1,"featured_media":0,"parent":0,"menu_order":0,"comment_status":"closed","ping_status":"closed","template":"","meta":{"footnotes":""},"class_list":["post-193","page","type-page","status-publish","hentry"],"_links":{"self":[{"href":"https:\/\/stefan.schleicher.at\/index.php\/wp-json\/wp\/v2\/pages\/193","targetHints":{"allow":["GET"]}}],"collection":[{"href":"https:\/\/stefan.schleicher.at\/index.php\/wp-json\/wp\/v2\/pages"}],"about":[{"href":"https:\/\/stefan.schleicher.at\/index.php\/wp-json\/wp\/v2\/types\/page"}],"author":[{"embeddable":true,"href":"https:\/\/stefan.schleicher.at\/index.php\/wp-json\/wp\/v2\/users\/1"}],"replies":[{"embeddable":true,"href":"https:\/\/stefan.schleicher.at\/index.php\/wp-json\/wp\/v2\/comments?post=193"}],"version-history":[{"count":6,"href":"https:\/\/stefan.schleicher.at\/index.php\/wp-json\/wp\/v2\/pages\/193\/revisions"}],"predecessor-version":[{"id":542,"href":"https:\/\/stefan.schleicher.at\/index.php\/wp-json\/wp\/v2\/pages\/193\/revisions\/542"}],"wp:attachment":[{"href":"https:\/\/stefan.schleicher.at\/index.php\/wp-json\/wp\/v2\/media?parent=193"}],"curies":[{"name":"wp","href":"https:\/\/api.w.org\/{rel}","templated":true}]}}